{"id":389,"date":"2023-10-29T10:41:32","date_gmt":"2023-10-29T09:41:32","guid":{"rendered":"https:\/\/elementorprobarato.com\/?post_type=product&#038;p=389"},"modified":"2026-04-14T09:32:20","modified_gmt":"2026-04-14T07:32:20","slug":"elementor-pro-mas-barato-1-licencia","status":"publish","type":"product","link":"https:\/\/elementorprobarato.com\/en\/product\/elementor-pro-mas-barato-1-licencia\/","title":{"rendered":"elementor Pro (1 licencia)"},"content":{"rendered":"<p>When you request an Elementor Pro license, you get the <strong>100% original plugin download<\/strong> without modifications.<\/p>\n<p>Includes all PRO widgets and <strong>access to templates<\/strong>, sections, the theme builder, the Elementor Library\u2026<\/p>\n<p>Once you have downloaded and installed the plugin, we will contact you to activate your original license so that you can enjoy Elementor Pro 100%.<\/p>\n<p><a href=\"https:\/\/elementorprobarato.com\/en\/contacta-con-elementor-pro-barato\/\">Do you need more licenses? contact\u00a0<strong>Cheap Elementor Pro<\/strong><\/a>\u00a0 | \u00a0<a href=\"https:\/\/elementor.com\/pricing-plugin\/\" target=\"_blank\" rel=\"noopener\">See prices on Elementor.com<\/a><\/p>\n<h2 data-start=\"256\" data-end=\"332\">Elementor Pro \u2013 Dise\u00f1o profesional a precio accesible<\/h2>\n<p data-start=\"334\" data-end=\"593\">\u00bfBuscas una forma profesional, r\u00e1pida y econ\u00f3mica de dise\u00f1ar tu web en WordPress? En <strong data-start=\"419\" data-end=\"445\">ElementorProBarato.com<\/strong> te ofrecemos <strong data-start=\"459\" data-end=\"496\">Elementor Pro barato (1 licencia)<\/strong>, totalmente <strong data-start=\"509\" data-end=\"561\">oficial y actualizable desde tu panel de control<\/strong>, sin riesgos ni complicaciones.<\/p>\n<h3 data-start=\"595\" data-end=\"641\">El mejor constructor visual para WordPress<\/h3>\n<p data-start=\"643\" data-end=\"1021\"><strong data-start=\"643\" data-end=\"660\">Elementor Pro<\/strong> es el <strong data-start=\"667\" data-end=\"718\">plugin de dise\u00f1o visual m\u00e1s potente del mercado<\/strong>. Con su editor en tiempo real, puedes crear p\u00e1ginas web atractivas, profesionales y totalmente personalizadas sin escribir c\u00f3digo. Incluye m\u00e1s de 90 widgets avanzados, dise\u00f1o responsive, pop-ups, sliders, formularios, efectos animados y plantillas premium para ahorrar tiempo y aumentar tu creatividad.<\/p>\n<p data-start=\"1023\" data-end=\"1141\">Ya seas dise\u00f1ador, emprendedor o due\u00f1o de un peque\u00f1o negocio, Elementor Pro te da el control total sobre tu sitio web.<\/p>\n<h3 data-start=\"1143\" data-end=\"1223\">\u00bfPor qu\u00e9 comprar elementor Pro barato (1 licencia) en ElementorProBarato.com?<\/h3>\n<ul>\n<li data-start=\"1227\" data-end=\"1289\"><strong data-start=\"1229\" data-end=\"1287\">Licencia 100% oficial, sin versiones nulled ni piratas<\/strong><\/li>\n<li data-start=\"1227\" data-end=\"1289\"><strong data-start=\"1294\" data-end=\"1341\">Actualizaciones autom\u00e1ticas desde WordPress<\/strong><\/li>\n<li data-start=\"1227\" data-end=\"1289\"><strong data-start=\"1348\" data-end=\"1402\">Compatibilidad total con temas y plugins populares<\/strong><\/li>\n<li data-start=\"1227\" data-end=\"1289\"><strong data-start=\"1409\" data-end=\"1456\">Ideal para una web profesional a bajo coste<\/strong><\/li>\n<li data-start=\"1227\" data-end=\"1289\"><strong data-start=\"1463\" data-end=\"1503\">Soporte en la instalaci\u00f3n y garant\u00eda de funcionamiento<\/strong><\/li>\n<li data-start=\"1227\" data-end=\"1289\"><strong>Regalo de mas de 70 kits de plantillas profesionales<\/strong><\/li>\n<\/ul>\n<p data-start=\"1505\" data-end=\"1653\">Con esta opci\u00f3n accedes a todas las funciones premium de Elementor a un <strong data-start=\"1577\" data-end=\"1605\">precio accesible y legal<\/strong>, ideal si solo necesitas activar <strong data-start=\"1639\" data-end=\"1652\">1 dominio<\/strong>, aunque disponemos de <a href=\"https:\/\/elementorprobarato.com\/en\/elementor-pro-a-un-precio-increible\/\"><strong>mas opciones<\/strong><\/a> si necesitas m\u00e1s.<\/p>\n<p data-start=\"1655\" data-end=\"1805\">\ud83d\udc49 <strong data-start=\"1658\" data-end=\"1728\">Compra Elementor Pro barato (1 licencia) en ElementorProBarato.com<\/strong> y empieza hoy mismo a dise\u00f1ar tu web como un profesional, sin gastar de m\u00e1s.<\/p>","protected":false},"excerpt":{"rendered":"<p>The <strong>Elementor Pro Plugin with original license<\/strong>\u00a0on your WordPress page.<\/p>\n<p>It is NOT GPL, enjoy\u00a0<strong>Elementor Pro Plugin with original license<\/strong>\u00a0which\u00a0<strong>DOES include a developer license key<\/strong>, completely legal and with updates from your BackOffice.<\/p>","protected":false},"featured_media":2495,"template":"","meta":{"_acf_changed":false},"product_brand":[],"product_cat":[19],"product_tag":[36],"class_list":{"0":"post-389","1":"product","2":"type-product","3":"status-publish","4":"has-post-thumbnail","6":"product_cat-espanol","7":"product_tag-elementor-pro","9":"first","10":"instock","11":"sale","12":"downloadable","13":"virtual","14":"taxable","15":"purchasable","16":"product-type-subscription"},"acf":[],"yoast_head":"<!-- This site is optimized with the Yoast SEO plugin v27.4 - https:\/\/yoast.com\/product\/yoast-seo-wordpress\/ -->\n<title>elementor Pro barato (1 licencia) por s\u00f3lo 9,95\u20ac\/a\u00f1o<\/title>\n<meta name=\"description\" content=\"elementor Pro barato (1 licencia). NO es GPL, desconf\u00eda de precios &quot;demasiado&quot; baratos. Incluye clave de licencia, 100% legal y actualizable desde tu web.\" \/>\n<meta name=\"robots\" content=\"index, follow, max-snippet:-1, max-image-preview:large, max-video-preview:-1\" \/>\n<link rel=\"canonical\" href=\"https:\/\/elementorprobarato.com\/en\/product\/elementor-pro-mas-barato-1-licencia\/\" \/>\n<meta property=\"og:locale\" content=\"en_US\" \/>\n<meta property=\"og:type\" content=\"article\" \/>\n<meta property=\"og:title\" content=\"elementor Pro barato (1 licencia) por s\u00f3lo 9,95\u20ac\/a\u00f1o\" \/>\n<meta property=\"og:description\" content=\"elementor Pro barato (1 licencia). NO es GPL, desconf\u00eda de precios &quot;demasiado&quot; baratos. Incluye clave de licencia, 100% legal y actualizable desde tu web.\" \/>\n<meta property=\"og:url\" content=\"https:\/\/elementorprobarato.com\/en\/product\/elementor-pro-mas-barato-1-licencia\/\" \/>\n<meta property=\"og:site_name\" content=\"elementor Pro Barato\" \/>\n<meta property=\"article:modified_time\" content=\"2026-04-14T07:32:20+00:00\" \/>\n<meta property=\"og:image\" content=\"https:\/\/elementorprobarato.com\/wp-content\/uploads\/2023\/10\/cnew-elementor-1-600.png\" \/>\n\t<meta property=\"og:image:width\" content=\"600\" \/>\n\t<meta property=\"og:image:height\" content=\"600\" \/>\n\t<meta property=\"og:image:type\" content=\"image\/png\" \/>\n<meta name=\"twitter:card\" content=\"summary_large_image\" \/>\n<meta name=\"twitter:label1\" content=\"Est. reading time\" \/>\n\t<meta name=\"twitter:data1\" content=\"2 minutes\" \/>\n<script type=\"application\/ld+json\" class=\"yoast-schema-graph\">{\"@context\":\"https:\\\/\\\/schema.org\",\"@graph\":[{\"@type\":[\"WebPage\",\"ItemPage\"],\"@id\":\"https:\\\/\\\/elementorprobarato.com\\\/producto\\\/elementor-pro-mas-barato-1-licencia\\\/\",\"url\":\"https:\\\/\\\/elementorprobarato.com\\\/producto\\\/elementor-pro-mas-barato-1-licencia\\\/\",\"name\":\"elementor Pro barato (1 licencia) por s\u00f3lo 9,95\u20ac\\\/a\u00f1o\",\"isPartOf\":{\"@id\":\"https:\\\/\\\/elementorprobarato.com\\\/#website\"},\"primaryImageOfPage\":{\"@id\":\"https:\\\/\\\/elementorprobarato.com\\\/producto\\\/elementor-pro-mas-barato-1-licencia\\\/#primaryimage\"},\"image\":{\"@id\":\"https:\\\/\\\/elementorprobarato.com\\\/producto\\\/elementor-pro-mas-barato-1-licencia\\\/#primaryimage\"},\"thumbnailUrl\":\"https:\\\/\\\/elementorprobarato.com\\\/wp-content\\\/uploads\\\/2023\\\/10\\\/cnew-elementor-1-600.png\",\"datePublished\":\"2023-10-29T09:41:32+00:00\",\"dateModified\":\"2026-04-14T07:32:20+00:00\",\"description\":\"elementor Pro barato (1 licencia). NO es GPL, desconf\u00eda de precios \\\"demasiado\\\" baratos. Incluye clave de licencia, 100% legal y actualizable desde tu web.\",\"breadcrumb\":{\"@id\":\"https:\\\/\\\/elementorprobarato.com\\\/producto\\\/elementor-pro-mas-barato-1-licencia\\\/#breadcrumb\"},\"inLanguage\":\"en-US\",\"potentialAction\":[{\"@type\":\"ReadAction\",\"target\":[\"https:\\\/\\\/elementorprobarato.com\\\/producto\\\/elementor-pro-mas-barato-1-licencia\\\/\"]}]},{\"@type\":\"ImageObject\",\"inLanguage\":\"en-US\",\"@id\":\"https:\\\/\\\/elementorprobarato.com\\\/producto\\\/elementor-pro-mas-barato-1-licencia\\\/#primaryimage\",\"url\":\"https:\\\/\\\/elementorprobarato.com\\\/wp-content\\\/uploads\\\/2023\\\/10\\\/cnew-elementor-1-600.png\",\"contentUrl\":\"https:\\\/\\\/elementorprobarato.com\\\/wp-content\\\/uploads\\\/2023\\\/10\\\/cnew-elementor-1-600.png\",\"width\":600,\"height\":600,\"caption\":\"Elementor Pro Barato 1 sitio web\"},{\"@type\":\"BreadcrumbList\",\"@id\":\"https:\\\/\\\/elementorprobarato.com\\\/producto\\\/elementor-pro-mas-barato-1-licencia\\\/#breadcrumb\",\"itemListElement\":[{\"@type\":\"ListItem\",\"position\":1,\"name\":\"Portada\",\"item\":\"https:\\\/\\\/elementorprobarato.com\\\/\"},{\"@type\":\"ListItem\",\"position\":2,\"name\":\"elementor pro a un precio incre\u00edble\",\"item\":\"https:\\\/\\\/elementorprobarato.com\\\/elementor-pro-a-un-precio-increible\\\/\"},{\"@type\":\"ListItem\",\"position\":3,\"name\":\"elementor Pro (1 licencia)\"}]},{\"@type\":\"WebSite\",\"@id\":\"https:\\\/\\\/elementorprobarato.com\\\/#website\",\"url\":\"https:\\\/\\\/elementorprobarato.com\\\/\",\"name\":\"elementorprobarato.com\",\"description\":\"100% Original y con clave del fabricante\",\"publisher\":{\"@id\":\"https:\\\/\\\/elementorprobarato.com\\\/#organization\"},\"alternateName\":\"Accede a todas las funciones de elementor Pro con licencia oficial pero mucho mas barato\",\"potentialAction\":[{\"@type\":\"SearchAction\",\"target\":{\"@type\":\"EntryPoint\",\"urlTemplate\":\"https:\\\/\\\/elementorprobarato.com\\\/?s={search_term_string}\"},\"query-input\":{\"@type\":\"PropertyValueSpecification\",\"valueRequired\":true,\"valueName\":\"search_term_string\"}}],\"inLanguage\":\"en-US\"},{\"@type\":\"Organization\",\"@id\":\"https:\\\/\\\/elementorprobarato.com\\\/#organization\",\"name\":\"elementorprobarato.com\",\"alternateName\":\"Accede a todas las funciones de elementor Pro con licencia oficial pero mucho mas barato\",\"url\":\"https:\\\/\\\/elementorprobarato.com\\\/\",\"logo\":{\"@type\":\"ImageObject\",\"inLanguage\":\"en-US\",\"@id\":\"https:\\\/\\\/elementorprobarato.com\\\/#\\\/schema\\\/logo\\\/image\\\/\",\"url\":\"https:\\\/\\\/elementorprobarato.com\\\/wp-content\\\/uploads\\\/2023\\\/10\\\/cropped-Elementor-Logo-nuevo-rosa.png\",\"contentUrl\":\"https:\\\/\\\/elementorprobarato.com\\\/wp-content\\\/uploads\\\/2023\\\/10\\\/cropped-Elementor-Logo-nuevo-rosa.png\",\"width\":512,\"height\":512,\"caption\":\"elementorprobarato.com\"},\"image\":{\"@id\":\"https:\\\/\\\/elementorprobarato.com\\\/#\\\/schema\\\/logo\\\/image\\\/\"},\"sameAs\":[\"https:\\\/\\\/tiktok.com\\\/@lapeorempresadelmundo\"]}]}<\/script>\n<!-- \/ Yoast SEO plugin. -->","yoast_head_json":{"title":"elementor Pro barato (1 licencia) por s\u00f3lo 9,95\u20ac\/a\u00f1o","description":"elementor Pro barato (1 licencia). NO es GPL, desconf\u00eda de precios \"demasiado\" baratos. Incluye clave de licencia, 100% legal y actualizable desde tu web.","robots":{"index":"index","follow":"follow","max-snippet":"max-snippet:-1","max-image-preview":"max-image-preview:large","max-video-preview":"max-video-preview:-1"},"canonical":"https:\/\/elementorprobarato.com\/en\/product\/elementor-pro-mas-barato-1-licencia\/","og_locale":"en_US","og_type":"article","og_title":"elementor Pro barato (1 licencia) por s\u00f3lo 9,95\u20ac\/a\u00f1o","og_description":"elementor Pro barato (1 licencia). NO es GPL, desconf\u00eda de precios \"demasiado\" baratos. Incluye clave de licencia, 100% legal y actualizable desde tu web.","og_url":"https:\/\/elementorprobarato.com\/en\/product\/elementor-pro-mas-barato-1-licencia\/","og_site_name":"elementor Pro Barato","article_modified_time":"2026-04-14T07:32:20+00:00","og_image":[{"width":600,"height":600,"url":"https:\/\/elementorprobarato.com\/wp-content\/uploads\/2023\/10\/cnew-elementor-1-600.png","type":"image\/png"}],"twitter_card":"summary_large_image","twitter_misc":{"Est. reading time":"2 minutes"},"schema":{"@context":"https:\/\/schema.org","@graph":[{"@type":["WebPage","ItemPage"],"@id":"https:\/\/elementorprobarato.com\/producto\/elementor-pro-mas-barato-1-licencia\/","url":"https:\/\/elementorprobarato.com\/producto\/elementor-pro-mas-barato-1-licencia\/","name":"elementor Pro barato (1 licencia) por s\u00f3lo 9,95\u20ac\/a\u00f1o","isPartOf":{"@id":"https:\/\/elementorprobarato.com\/#website"},"primaryImageOfPage":{"@id":"https:\/\/elementorprobarato.com\/producto\/elementor-pro-mas-barato-1-licencia\/#primaryimage"},"image":{"@id":"https:\/\/elementorprobarato.com\/producto\/elementor-pro-mas-barato-1-licencia\/#primaryimage"},"thumbnailUrl":"https:\/\/elementorprobarato.com\/wp-content\/uploads\/2023\/10\/cnew-elementor-1-600.png","datePublished":"2023-10-29T09:41:32+00:00","dateModified":"2026-04-14T07:32:20+00:00","description":"elementor Pro barato (1 licencia). NO es GPL, desconf\u00eda de precios \"demasiado\" baratos. Incluye clave de licencia, 100% legal y actualizable desde tu web.","breadcrumb":{"@id":"https:\/\/elementorprobarato.com\/producto\/elementor-pro-mas-barato-1-licencia\/#breadcrumb"},"inLanguage":"en-US","potentialAction":[{"@type":"ReadAction","target":["https:\/\/elementorprobarato.com\/producto\/elementor-pro-mas-barato-1-licencia\/"]}]},{"@type":"ImageObject","inLanguage":"en-US","@id":"https:\/\/elementorprobarato.com\/producto\/elementor-pro-mas-barato-1-licencia\/#primaryimage","url":"https:\/\/elementorprobarato.com\/wp-content\/uploads\/2023\/10\/cnew-elementor-1-600.png","contentUrl":"https:\/\/elementorprobarato.com\/wp-content\/uploads\/2023\/10\/cnew-elementor-1-600.png","width":600,"height":600,"caption":"Elementor Pro Barato 1 sitio web"},{"@type":"BreadcrumbList","@id":"https:\/\/elementorprobarato.com\/producto\/elementor-pro-mas-barato-1-licencia\/#breadcrumb","itemListElement":[{"@type":"ListItem","position":1,"name":"Portada","item":"https:\/\/elementorprobarato.com\/"},{"@type":"ListItem","position":2,"name":"elementor pro a un precio incre\u00edble","item":"https:\/\/elementorprobarato.com\/elementor-pro-a-un-precio-increible\/"},{"@type":"ListItem","position":3,"name":"elementor Pro (1 licencia)"}]},{"@type":"WebSite","@id":"https:\/\/elementorprobarato.com\/#website","url":"https:\/\/elementorprobarato.com\/","name":"elementorprobarato.com","description":"100% Original y con clave del fabricante","publisher":{"@id":"https:\/\/elementorprobarato.com\/#organization"},"alternateName":"Accede a todas las funciones de elementor Pro con licencia oficial pero mucho mas barato","potentialAction":[{"@type":"SearchAction","target":{"@type":"EntryPoint","urlTemplate":"https:\/\/elementorprobarato.com\/?s={search_term_string}"},"query-input":{"@type":"PropertyValueSpecification","valueRequired":true,"valueName":"search_term_string"}}],"inLanguage":"en-US"},{"@type":"Organization","@id":"https:\/\/elementorprobarato.com\/#organization","name":"elementorprobarato.com","alternateName":"Accede a todas las funciones de elementor Pro con licencia oficial pero mucho mas barato","url":"https:\/\/elementorprobarato.com\/","logo":{"@type":"ImageObject","inLanguage":"en-US","@id":"https:\/\/elementorprobarato.com\/#\/schema\/logo\/image\/","url":"https:\/\/elementorprobarato.com\/wp-content\/uploads\/2023\/10\/cropped-Elementor-Logo-nuevo-rosa.png","contentUrl":"https:\/\/elementorprobarato.com\/wp-content\/uploads\/2023\/10\/cropped-Elementor-Logo-nuevo-rosa.png","width":512,"height":512,"caption":"elementorprobarato.com"},"image":{"@id":"https:\/\/elementorprobarato.com\/#\/schema\/logo\/image\/"},"sameAs":["https:\/\/tiktok.com\/@lapeorempresadelmundo"]}]}},"tiered_pricing_type":"fixed","tiered_pricing_fixed_rules":[],"tiered_pricing_product_settings":{"layout":"default","base_unit_name":{"singular":null,"plural":null},"default_variation":null},"tiered_pricing_minimum_quantity":null,"tiered_pricing_roles_data":[],"tiered_pricing_percentage_rules":[],"_links":{"self":[{"href":"https:\/\/elementorprobarato.com\/en\/wp-json\/wp\/v2\/product\/389","targetHints":{"allow":["GET"]}}],"collection":[{"href":"https:\/\/elementorprobarato.com\/en\/wp-json\/wp\/v2\/product"}],"about":[{"href":"https:\/\/elementorprobarato.com\/en\/wp-json\/wp\/v2\/types\/product"}],"version-history":[{"count":0,"href":"https:\/\/elementorprobarato.com\/en\/wp-json\/wp\/v2\/product\/389\/revisions"}],"wp:featuredmedia":[{"embeddable":true,"href":"https:\/\/elementorprobarato.com\/en\/wp-json\/wp\/v2\/media\/2495"}],"wp:attachment":[{"href":"https:\/\/elementorprobarato.com\/en\/wp-json\/wp\/v2\/media?parent=389"}],"wp:term":[{"taxonomy":"product_brand","embeddable":true,"href":"https:\/\/elementorprobarato.com\/en\/wp-json\/wp\/v2\/product_brand?post=389"},{"taxonomy":"product_cat","embeddable":true,"href":"https:\/\/elementorprobarato.com\/en\/wp-json\/wp\/v2\/product_cat?post=389"},{"taxonomy":"product_tag","embeddable":true,"href":"https:\/\/elementorprobarato.com\/en\/wp-json\/wp\/v2\/product_tag?post=389"}],"curies":[{"name":"wp","href":"https:\/\/api.w.org\/{rel}","templated":true}]}}