{"id":387,"date":"2023-10-28T11:20:01","date_gmt":"2023-10-28T09:20:01","guid":{"rendered":"https:\/\/elementorprobarato.com\/mi-cuenta\/"},"modified":"2025-11-19T10:18:32","modified_gmt":"2025-11-19T09:18:32","slug":"mi-cuenta","status":"publish","type":"page","link":"https:\/\/elementorprobarato.com\/en\/mi-cuenta\/","title":{"rendered":"My account"},"content":{"rendered":"<div data-elementor-type=\"wp-page\" data-elementor-id=\"387\" class=\"elementor elementor-387\" data-elementor-post-type=\"page\">\n\t\t\t\t<div class=\"elementor-element elementor-element-af6dd1f e-flex e-con-boxed e-con e-parent\" data-id=\"af6dd1f\" data-element_type=\"container\" data-e-type=\"container\">\n\t\t\t\t\t<div class=\"e-con-inner\">\n\t\t<!-- dce invisible element 1bca94f -->\t\t<div class=\"elementor-element elementor-element-14d44e4 e-my-account-tabs-horizontal elementor-widget elementor-widget-woocommerce-my-account\" data-id=\"14d44e4\" data-element_type=\"widget\" data-e-type=\"widget\" data-widget_type=\"woocommerce-my-account.default\">\n\t\t\t\t<div class=\"elementor-widget-container\">\n\t\t\t\t\t<div class=\"e-my-account-tab e-my-account-tab__\">\t\t\t<div class=\"woocommerce\"><\/div>\t\t<\/div>\n\t\t\t\t\t\t<\/div>\n\t\t\t\t<\/div>\n\t\t\t\t\t<\/div>\n\t\t\t\t<\/div>\n\t\t\t\t<\/div>","protected":false},"excerpt":{"rendered":"<p>\u00bfEres nuevo por aqu\u00ed? Tenemos un descuento s\u00f3lo para ti. Reg\u00edstrate en nuestra Newsletter y obt\u00e9n un CUP\u00d3N de descuento para tu primera compra (compres lo que compres). Revisa la carpeta SPAM por si acaso. Si a\u00fan no eres cliente, te est\u00e1s perdiendo ventajas como: + de 70 Kits de plantillas de envato GRATIS Regalo [&hellip;]<\/p>\n","protected":false},"author":1,"featured_media":2498,"parent":0,"menu_order":0,"comment_status":"closed","ping_status":"closed","template":"","meta":{"_acf_changed":false,"footnotes":""},"class_list":["post-387","page","type-page","status-publish","has-post-thumbnail","hentry"],"acf":[],"yoast_head":"<!-- This site is optimized with the Yoast SEO plugin v27.4 - https:\/\/yoast.com\/product\/yoast-seo-wordpress\/ -->\n<title>Mi cuenta - elementor Pro Barato<\/title>\n<meta name=\"robots\" content=\"index, follow, max-snippet:-1, max-image-preview:large, max-video-preview:-1\" \/>\n<link rel=\"canonical\" href=\"https:\/\/elementorprobarato.com\/en\/mi-cuenta\/\" \/>\n<meta property=\"og:locale\" content=\"en_US\" \/>\n<meta property=\"og:type\" content=\"article\" \/>\n<meta property=\"og:title\" content=\"Mi cuenta - elementor Pro Barato\" \/>\n<meta property=\"og:description\" content=\"\u00bfEres nuevo por aqu\u00ed? Tenemos un descuento s\u00f3lo para ti. Reg\u00edstrate en nuestra Newsletter y obt\u00e9n un CUP\u00d3N de descuento para tu primera compra (compres lo que compres). Revisa la carpeta SPAM por si acaso. Si a\u00fan no eres cliente, te est\u00e1s perdiendo ventajas como: + de 70 Kits de plantillas de envato GRATIS Regalo [&hellip;]\" \/>\n<meta property=\"og:url\" content=\"https:\/\/elementorprobarato.com\/en\/mi-cuenta\/\" \/>\n<meta property=\"og:site_name\" content=\"elementor Pro Barato\" \/>\n<meta property=\"article:modified_time\" content=\"2025-11-19T09:18:32+00:00\" \/>\n<meta property=\"og:image\" content=\"https:\/\/elementorprobarato.com\/wp-content\/uploads\/2023\/11\/elementor-pro-300.png\" \/>\n\t<meta property=\"og:image:width\" content=\"300\" \/>\n\t<meta property=\"og:image:height\" content=\"300\" \/>\n\t<meta property=\"og:image:type\" content=\"image\/png\" \/>\n<meta name=\"twitter:card\" content=\"summary_large_image\" \/>\n<meta name=\"twitter:label1\" content=\"Est. reading time\" \/>\n\t<meta name=\"twitter:data1\" content=\"3 minutes\" \/>\n<script type=\"application\/ld+json\" class=\"yoast-schema-graph\">{\"@context\":\"https:\\\/\\\/schema.org\",\"@graph\":[{\"@type\":\"AdvertiserContentArticle\",\"@id\":\"https:\\\/\\\/elementorprobarato.com\\\/mi-cuenta\\\/#article\",\"isPartOf\":{\"@id\":\"https:\\\/\\\/elementorprobarato.com\\\/mi-cuenta\\\/\"},\"author\":{\"name\":\"estebanip\",\"@id\":\"https:\\\/\\\/elementorprobarato.com\\\/#\\\/schema\\\/person\\\/2260d3b96091792b81b752fecfc09b84\"},\"headline\":\"Mi cuenta\",\"datePublished\":\"2023-10-28T09:20:01+00:00\",\"dateModified\":\"2025-11-19T09:18:32+00:00\",\"mainEntityOfPage\":{\"@id\":\"https:\\\/\\\/elementorprobarato.com\\\/mi-cuenta\\\/\"},\"wordCount\":174,\"publisher\":{\"@id\":\"https:\\\/\\\/elementorprobarato.com\\\/#organization\"},\"image\":{\"@id\":\"https:\\\/\\\/elementorprobarato.com\\\/mi-cuenta\\\/#primaryimage\"},\"thumbnailUrl\":\"https:\\\/\\\/elementorprobarato.com\\\/wp-content\\\/uploads\\\/2023\\\/11\\\/elementor-pro-300.png\",\"inLanguage\":\"en-US\"},{\"@type\":\"WebPage\",\"@id\":\"https:\\\/\\\/elementorprobarato.com\\\/mi-cuenta\\\/\",\"url\":\"https:\\\/\\\/elementorprobarato.com\\\/mi-cuenta\\\/\",\"name\":\"Mi cuenta - elementor Pro Barato\",\"isPartOf\":{\"@id\":\"https:\\\/\\\/elementorprobarato.com\\\/#website\"},\"primaryImageOfPage\":{\"@id\":\"https:\\\/\\\/elementorprobarato.com\\\/mi-cuenta\\\/#primaryimage\"},\"image\":{\"@id\":\"https:\\\/\\\/elementorprobarato.com\\\/mi-cuenta\\\/#primaryimage\"},\"thumbnailUrl\":\"https:\\\/\\\/elementorprobarato.com\\\/wp-content\\\/uploads\\\/2023\\\/11\\\/elementor-pro-300.png\",\"datePublished\":\"2023-10-28T09:20:01+00:00\",\"dateModified\":\"2025-11-19T09:18:32+00:00\",\"breadcrumb\":{\"@id\":\"https:\\\/\\\/elementorprobarato.com\\\/mi-cuenta\\\/#breadcrumb\"},\"inLanguage\":\"en-US\",\"potentialAction\":[{\"@type\":\"ReadAction\",\"target\":[\"https:\\\/\\\/elementorprobarato.com\\\/mi-cuenta\\\/\"]}]},{\"@type\":\"ImageObject\",\"inLanguage\":\"en-US\",\"@id\":\"https:\\\/\\\/elementorprobarato.com\\\/mi-cuenta\\\/#primaryimage\",\"url\":\"https:\\\/\\\/elementorprobarato.com\\\/wp-content\\\/uploads\\\/2023\\\/11\\\/elementor-pro-300.png\",\"contentUrl\":\"https:\\\/\\\/elementorprobarato.com\\\/wp-content\\\/uploads\\\/2023\\\/11\\\/elementor-pro-300.png\",\"width\":300,\"height\":300,\"caption\":\"Licencia elementor Pro\"},{\"@type\":\"BreadcrumbList\",\"@id\":\"https:\\\/\\\/elementorprobarato.com\\\/mi-cuenta\\\/#breadcrumb\",\"itemListElement\":[{\"@type\":\"ListItem\",\"position\":1,\"name\":\"Portada\",\"item\":\"https:\\\/\\\/elementorprobarato.com\\\/\"},{\"@type\":\"ListItem\",\"position\":2,\"name\":\"Mi cuenta\"}]},{\"@type\":\"WebSite\",\"@id\":\"https:\\\/\\\/elementorprobarato.com\\\/#website\",\"url\":\"https:\\\/\\\/elementorprobarato.com\\\/\",\"name\":\"elementorprobarato.com\",\"description\":\"100% Original y con clave del fabricante\",\"publisher\":{\"@id\":\"https:\\\/\\\/elementorprobarato.com\\\/#organization\"},\"alternateName\":\"Accede a todas las funciones de elementor Pro con licencia oficial pero mucho mas barato\",\"potentialAction\":[{\"@type\":\"SearchAction\",\"target\":{\"@type\":\"EntryPoint\",\"urlTemplate\":\"https:\\\/\\\/elementorprobarato.com\\\/?s={search_term_string}\"},\"query-input\":{\"@type\":\"PropertyValueSpecification\",\"valueRequired\":true,\"valueName\":\"search_term_string\"}}],\"inLanguage\":\"en-US\"},{\"@type\":\"Organization\",\"@id\":\"https:\\\/\\\/elementorprobarato.com\\\/#organization\",\"name\":\"elementorprobarato.com\",\"alternateName\":\"Accede a todas las funciones de elementor Pro con licencia oficial pero mucho mas barato\",\"url\":\"https:\\\/\\\/elementorprobarato.com\\\/\",\"logo\":{\"@type\":\"ImageObject\",\"inLanguage\":\"en-US\",\"@id\":\"https:\\\/\\\/elementorprobarato.com\\\/#\\\/schema\\\/logo\\\/image\\\/\",\"url\":\"https:\\\/\\\/elementorprobarato.com\\\/wp-content\\\/uploads\\\/2023\\\/10\\\/cropped-Elementor-Logo-nuevo-rosa.png\",\"contentUrl\":\"https:\\\/\\\/elementorprobarato.com\\\/wp-content\\\/uploads\\\/2023\\\/10\\\/cropped-Elementor-Logo-nuevo-rosa.png\",\"width\":512,\"height\":512,\"caption\":\"elementorprobarato.com\"},\"image\":{\"@id\":\"https:\\\/\\\/elementorprobarato.com\\\/#\\\/schema\\\/logo\\\/image\\\/\"},\"sameAs\":[\"https:\\\/\\\/tiktok.com\\\/@lapeorempresadelmundo\"]},{\"@type\":\"Person\",\"@id\":\"https:\\\/\\\/elementorprobarato.com\\\/#\\\/schema\\\/person\\\/2260d3b96091792b81b752fecfc09b84\",\"name\":\"estebanip\",\"image\":{\"@type\":\"ImageObject\",\"inLanguage\":\"en-US\",\"@id\":\"https:\\\/\\\/secure.gravatar.com\\\/avatar\\\/9df27800b983d072192e4ca5478612f2b535c0fd51c3cae5d6628b127eb3c34d?s=96&d=mm&r=g\",\"url\":\"https:\\\/\\\/secure.gravatar.com\\\/avatar\\\/9df27800b983d072192e4ca5478612f2b535c0fd51c3cae5d6628b127eb3c34d?s=96&d=mm&r=g\",\"contentUrl\":\"https:\\\/\\\/secure.gravatar.com\\\/avatar\\\/9df27800b983d072192e4ca5478612f2b535c0fd51c3cae5d6628b127eb3c34d?s=96&d=mm&r=g\",\"caption\":\"estebanip\"},\"sameAs\":[\"https:\\\/\\\/elementorprobarato.com\"]}]}<\/script>\n<!-- \/ Yoast SEO plugin. -->","yoast_head_json":{"title":"Mi cuenta - elementor Pro Barato","robots":{"index":"index","follow":"follow","max-snippet":"max-snippet:-1","max-image-preview":"max-image-preview:large","max-video-preview":"max-video-preview:-1"},"canonical":"https:\/\/elementorprobarato.com\/en\/mi-cuenta\/","og_locale":"en_US","og_type":"article","og_title":"Mi cuenta - elementor Pro Barato","og_description":"\u00bfEres nuevo por aqu\u00ed? Tenemos un descuento s\u00f3lo para ti. Reg\u00edstrate en nuestra Newsletter y obt\u00e9n un CUP\u00d3N de descuento para tu primera compra (compres lo que compres). Revisa la carpeta SPAM por si acaso. Si a\u00fan no eres cliente, te est\u00e1s perdiendo ventajas como: + de 70 Kits de plantillas de envato GRATIS Regalo [&hellip;]","og_url":"https:\/\/elementorprobarato.com\/en\/mi-cuenta\/","og_site_name":"elementor Pro Barato","article_modified_time":"2025-11-19T09:18:32+00:00","og_image":[{"width":300,"height":300,"url":"https:\/\/elementorprobarato.com\/wp-content\/uploads\/2023\/11\/elementor-pro-300.png","type":"image\/png"}],"twitter_card":"summary_large_image","twitter_misc":{"Est. reading time":"3 minutes"},"schema":{"@context":"https:\/\/schema.org","@graph":[{"@type":"AdvertiserContentArticle","@id":"https:\/\/elementorprobarato.com\/mi-cuenta\/#article","isPartOf":{"@id":"https:\/\/elementorprobarato.com\/mi-cuenta\/"},"author":{"name":"estebanip","@id":"https:\/\/elementorprobarato.com\/#\/schema\/person\/2260d3b96091792b81b752fecfc09b84"},"headline":"Mi cuenta","datePublished":"2023-10-28T09:20:01+00:00","dateModified":"2025-11-19T09:18:32+00:00","mainEntityOfPage":{"@id":"https:\/\/elementorprobarato.com\/mi-cuenta\/"},"wordCount":174,"publisher":{"@id":"https:\/\/elementorprobarato.com\/#organization"},"image":{"@id":"https:\/\/elementorprobarato.com\/mi-cuenta\/#primaryimage"},"thumbnailUrl":"https:\/\/elementorprobarato.com\/wp-content\/uploads\/2023\/11\/elementor-pro-300.png","inLanguage":"en-US"},{"@type":"WebPage","@id":"https:\/\/elementorprobarato.com\/mi-cuenta\/","url":"https:\/\/elementorprobarato.com\/mi-cuenta\/","name":"Mi cuenta - elementor Pro Barato","isPartOf":{"@id":"https:\/\/elementorprobarato.com\/#website"},"primaryImageOfPage":{"@id":"https:\/\/elementorprobarato.com\/mi-cuenta\/#primaryimage"},"image":{"@id":"https:\/\/elementorprobarato.com\/mi-cuenta\/#primaryimage"},"thumbnailUrl":"https:\/\/elementorprobarato.com\/wp-content\/uploads\/2023\/11\/elementor-pro-300.png","datePublished":"2023-10-28T09:20:01+00:00","dateModified":"2025-11-19T09:18:32+00:00","breadcrumb":{"@id":"https:\/\/elementorprobarato.com\/mi-cuenta\/#breadcrumb"},"inLanguage":"en-US","potentialAction":[{"@type":"ReadAction","target":["https:\/\/elementorprobarato.com\/mi-cuenta\/"]}]},{"@type":"ImageObject","inLanguage":"en-US","@id":"https:\/\/elementorprobarato.com\/mi-cuenta\/#primaryimage","url":"https:\/\/elementorprobarato.com\/wp-content\/uploads\/2023\/11\/elementor-pro-300.png","contentUrl":"https:\/\/elementorprobarato.com\/wp-content\/uploads\/2023\/11\/elementor-pro-300.png","width":300,"height":300,"caption":"Licencia elementor Pro"},{"@type":"BreadcrumbList","@id":"https:\/\/elementorprobarato.com\/mi-cuenta\/#breadcrumb","itemListElement":[{"@type":"ListItem","position":1,"name":"Portada","item":"https:\/\/elementorprobarato.com\/"},{"@type":"ListItem","position":2,"name":"Mi cuenta"}]},{"@type":"WebSite","@id":"https:\/\/elementorprobarato.com\/#website","url":"https:\/\/elementorprobarato.com\/","name":"elementorprobarato.com","description":"100% Original y con clave del fabricante","publisher":{"@id":"https:\/\/elementorprobarato.com\/#organization"},"alternateName":"Accede a todas las funciones de elementor Pro con licencia oficial pero mucho mas barato","potentialAction":[{"@type":"SearchAction","target":{"@type":"EntryPoint","urlTemplate":"https:\/\/elementorprobarato.com\/?s={search_term_string}"},"query-input":{"@type":"PropertyValueSpecification","valueRequired":true,"valueName":"search_term_string"}}],"inLanguage":"en-US"},{"@type":"Organization","@id":"https:\/\/elementorprobarato.com\/#organization","name":"elementorprobarato.com","alternateName":"Accede a todas las funciones de elementor Pro con licencia oficial pero mucho mas barato","url":"https:\/\/elementorprobarato.com\/","logo":{"@type":"ImageObject","inLanguage":"en-US","@id":"https:\/\/elementorprobarato.com\/#\/schema\/logo\/image\/","url":"https:\/\/elementorprobarato.com\/wp-content\/uploads\/2023\/10\/cropped-Elementor-Logo-nuevo-rosa.png","contentUrl":"https:\/\/elementorprobarato.com\/wp-content\/uploads\/2023\/10\/cropped-Elementor-Logo-nuevo-rosa.png","width":512,"height":512,"caption":"elementorprobarato.com"},"image":{"@id":"https:\/\/elementorprobarato.com\/#\/schema\/logo\/image\/"},"sameAs":["https:\/\/tiktok.com\/@lapeorempresadelmundo"]},{"@type":"Person","@id":"https:\/\/elementorprobarato.com\/#\/schema\/person\/2260d3b96091792b81b752fecfc09b84","name":"estebanip","image":{"@type":"ImageObject","inLanguage":"en-US","@id":"https:\/\/secure.gravatar.com\/avatar\/9df27800b983d072192e4ca5478612f2b535c0fd51c3cae5d6628b127eb3c34d?s=96&d=mm&r=g","url":"https:\/\/secure.gravatar.com\/avatar\/9df27800b983d072192e4ca5478612f2b535c0fd51c3cae5d6628b127eb3c34d?s=96&d=mm&r=g","contentUrl":"https:\/\/secure.gravatar.com\/avatar\/9df27800b983d072192e4ca5478612f2b535c0fd51c3cae5d6628b127eb3c34d?s=96&d=mm&r=g","caption":"estebanip"},"sameAs":["https:\/\/elementorprobarato.com"]}]}},"_links":{"self":[{"href":"https:\/\/elementorprobarato.com\/en\/wp-json\/wp\/v2\/pages\/387","targetHints":{"allow":["GET"]}}],"collection":[{"href":"https:\/\/elementorprobarato.com\/en\/wp-json\/wp\/v2\/pages"}],"about":[{"href":"https:\/\/elementorprobarato.com\/en\/wp-json\/wp\/v2\/types\/page"}],"author":[{"embeddable":true,"href":"https:\/\/elementorprobarato.com\/en\/wp-json\/wp\/v2\/users\/1"}],"replies":[{"embeddable":true,"href":"https:\/\/elementorprobarato.com\/en\/wp-json\/wp\/v2\/comments?post=387"}],"version-history":[{"count":0,"href":"https:\/\/elementorprobarato.com\/en\/wp-json\/wp\/v2\/pages\/387\/revisions"}],"wp:featuredmedia":[{"embeddable":true,"href":"https:\/\/elementorprobarato.com\/en\/wp-json\/wp\/v2\/media\/2498"}],"wp:attachment":[{"href":"https:\/\/elementorprobarato.com\/en\/wp-json\/wp\/v2\/media?parent=387"}],"curies":[{"name":"wp","href":"https:\/\/api.w.org\/{rel}","templated":true}]}}