{"id":10339,"date":"2025-04-20T08:27:34","date_gmt":"2025-04-20T06:27:34","guid":{"rendered":"https:\/\/elementorprobarato.com\/?page_id=10339"},"modified":"2025-04-20T08:53:25","modified_gmt":"2025-04-20T06:53:25","slug":"como-activar-tu-licencia-sin-darnos-datos-de-acceso","status":"publish","type":"page","link":"https:\/\/elementorprobarato.com\/en\/como-activar-tu-licencia-sin-darnos-datos-de-acceso\/","title":{"rendered":"How to activate your license without giving us access details"},"content":{"rendered":"<div data-elementor-type=\"wp-page\" data-elementor-id=\"10339\" class=\"elementor elementor-10339\" data-elementor-post-type=\"page\">\n\t\t\t\t<div class=\"elementor-element elementor-element-a026d1e e-flex e-con-boxed e-con e-parent\" data-id=\"a026d1e\" data-element_type=\"container\" data-e-type=\"container\" data-settings=\"{&quot;background_background&quot;:&quot;classic&quot;}\">\n\t\t\t\t\t<div class=\"e-con-inner\">\n\t\t<div class=\"elementor-element elementor-element-43f0b7e e-flex e-con-boxed e-con e-child\" data-id=\"43f0b7e\" data-element_type=\"container\" data-e-type=\"container\" data-settings=\"{&quot;background_background&quot;:&quot;classic&quot;}\">\n\t\t\t\t\t<div class=\"e-con-inner\">\n\t\t<div class=\"elementor-element elementor-element-458e194 e-flex e-con-boxed e-con e-child\" data-id=\"458e194\" data-element_type=\"container\" data-e-type=\"container\">\n\t\t\t\t\t<div class=\"e-con-inner\">\n\t\t\t\t<div class=\"elementor-element elementor-element-a7e4a74 elementor-widget elementor-widget-theme-post-title elementor-page-title elementor-widget-heading\" data-id=\"a7e4a74\" data-element_type=\"widget\" data-e-type=\"widget\" data-widget_type=\"theme-post-title.default\">\n\t\t\t\t<div class=\"elementor-widget-container\">\n\t\t\t\t\t<h1 class=\"elementor-heading-title elementor-size-default\">How to activate your license without giving us access details<\/h1>\t\t\t\t<\/div>\n\t\t\t\t<\/div>\n\t\t\t\t<div class=\"elementor-element elementor-element-443fdb4 elementor-widget elementor-widget-text-editor\" data-id=\"443fdb4\" data-element_type=\"widget\" data-e-type=\"widget\" data-widget_type=\"text-editor.default\">\n\t\t\t\t<div class=\"elementor-widget-container\">\n\t\t\t\t\t\t\t\t\t<p>Es posible que por alg\u00fan motivo no quieras darnos datos de acceso a tu web, o simplemente quieras estar presente en el momento de la activaci\u00f3n.<\/p><p>Para esta situaci\u00f3n ofrecemos a nuestros clientes la posibilidad de activar la licencia a trav\u00e9s de escritorio remoto.<\/p>\t\t\t\t\t\t\t\t<\/div>\n\t\t\t\t<\/div>\n\t\t\t\t<div class=\"elementor-element elementor-element-53ba085 elementor-widget elementor-widget-heading\" data-id=\"53ba085\" data-element_type=\"widget\" data-e-type=\"widget\" data-widget_type=\"heading.default\">\n\t\t\t\t<div class=\"elementor-widget-container\">\n\t\t\t\t\t<h3 class=\"elementor-heading-title elementor-size-default\">How does it work?<\/h3>\t\t\t\t<\/div>\n\t\t\t\t<\/div>\n\t\t\t\t<div class=\"elementor-element elementor-element-681553e elementor-widget elementor-widget-text-editor\" data-id=\"681553e\" data-element_type=\"widget\" data-e-type=\"widget\" data-widget_type=\"text-editor.default\">\n\t\t\t\t<div class=\"elementor-widget-container\">\n\t\t\t\t\t\t\t\t\t<p>Abre en tu ordenador el programa <a href=\"https:\/\/anydesk.com\/es\/downloads\"><strong>Anydesk<\/strong><\/a><\/p><p>Si a\u00fan no lo tienes, lo puedes descargar desde la p\u00e1gina oficial\u00a0 <a href=\"https:\/\/anydesk.com\/es\/downloads\"><strong>https:\/\/anydesk.com\/es\/downloads<\/strong><\/a><\/p><p>Una vez iniciado, s\u00f3lo tendr\u00e1s que acceder a <strong>nuestro<\/strong> escritorio introduciendo la clave que te proporcionaremos, e iniciar sesi\u00f3n en tu web de forma normal, una vez que hayas accedido a tu backoffice, nosotros activaremos la licencia y cerraremos sesi\u00f3n sin guardar contrase\u00f1as.<\/p><p>Todo el proceso lo veras en tiempo real y no tendr\u00e1s que revelar tu contrase\u00f1a.<\/p><p><b>\u00bfPorqu\u00e9 no activamos la licencia desde tu escritorio?<\/b> s\u00f3lo podemos activar la licencia cuando conectamos tu web a elementor desde un navegador verificado como es nuestro caso.<\/p>\t\t\t\t\t\t\t\t<\/div>\n\t\t\t\t<\/div>\n\t\t<div class=\"elementor-element elementor-element-35b3521 e-con-full e-flex e-con e-child\" data-id=\"35b3521\" data-element_type=\"container\" data-e-type=\"container\">\n\t\t\t\t<div class=\"elementor-element elementor-element-c0f4873 elementor-widget elementor-widget-heading\" data-id=\"c0f4873\" data-element_type=\"widget\" data-e-type=\"widget\" data-widget_type=\"heading.default\">\n\t\t\t\t<div class=\"elementor-widget-container\">\n\t\t\t\t\t<h4 class=\"elementor-heading-title elementor-size-default\">Paso a paso:<\/h4>\t\t\t\t<\/div>\n\t\t\t\t<\/div>\n\t\t\t\t<div class=\"elementor-element elementor-element-cee5ae7 elementor-widget elementor-widget-text-editor\" data-id=\"cee5ae7\" data-element_type=\"widget\" data-e-type=\"widget\" data-widget_type=\"text-editor.default\">\n\t\t\t\t<div class=\"elementor-widget-container\">\n\t\t\t\t\t\t\t\t\t<p><span style=\"color: #008000;\"><strong>Primer paso: <\/strong><\/span>Inicia <a href=\"#anydesk\"><strong>anydesk<\/strong><\/a><\/p>\n<p><strong><span style=\"color: #008000;\">Segundo paso:<\/span> <\/strong>Te daremos <strong>nuestro n\u00famero de escritorio<\/strong> de Anydesk<\/p>\n<p><strong><span style=\"color: #008000;\">Tercer paso:<\/span><\/strong> Introd\u00facelo en la casilla \u00ab<strong>Otro puesto de trabajo<\/strong>\u00bb y espera unos segundos a que yo acepte.<\/p>\n<p><span style=\"color: #008000;\"><strong>Cuarto paso:<\/strong> <\/span>Ver\u00e1s tu p\u00e1gina de inicio de sesi\u00f3n (www.tuweb.com\/wp-admin) en nuestro navegador y tendr\u00e1s que acceder con tu cuenta de Administrador.<\/p>\n<p><span style=\"color: #008000;\"><strong>Quinto paso:<\/strong><\/span> Activar\u00e9 tu licencia, y una vez hecho, cerrar\u00e9 sesi\u00f3n en tu web.<\/p>\n<p>Listo!!! as\u00ed de f\u00e1cil, tu licencia quedar\u00e1 conectada.<\/p>\t\t\t\t\t\t\t\t<\/div>\n\t\t\t\t<\/div>\n\t\t\t\t<\/div>\n\t\t\t\t<div class=\"elementor-element elementor-element-e243afd anydesk elementor-widget elementor-widget-heading\" data-id=\"e243afd\" data-element_type=\"widget\" data-e-type=\"widget\" data-widget_type=\"heading.default\">\n\t\t\t\t<div class=\"elementor-widget-container\">\n\t\t\t\t\t<h3 class=\"elementor-heading-title elementor-size-default\">\u00bfQu\u00e9 es Anydesk?<\/h3>\t\t\t\t<\/div>\n\t\t\t\t<\/div>\n\t\t\t\t<div class=\"elementor-element elementor-element-8a7c934 elementor-widget elementor-widget-text-editor\" data-id=\"8a7c934\" data-element_type=\"widget\" data-e-type=\"widget\" data-widget_type=\"text-editor.default\">\n\t\t\t\t<div class=\"elementor-widget-container\">\n\t\t\t\t\t\t\t\t\t<p>Es un programa sencillo y fiable, con el que puedes dar acceso a tu escritorio o acceder t\u00fa al escritorio de otros (como en este caso).<\/p><p>Una vez que se comparte escritorio, ambos pueden interactuar en una misma p\u00e1gina.<\/p><p>Cuando un usuario quiere acceder al escritorio de otro, \u00e9ste debe proporcionarle su numero de escritorio y aceptar el acceso, por lo que es <strong>100% seguro<\/strong>.<\/p><p>Cuando se termina la sesi\u00f3n, el usuario invitado no puede volver a conectarse hasta que se le ha dado permiso de nuevo.<\/p><p>Puedes descargar Anydesk desde su p\u00e1gina Web: <strong><a href=\"https:\/\/anydesk.com\/es\">https:\/\/anydesk.com\/es<\/a><\/strong><\/p>\t\t\t\t\t\t\t\t<\/div>\n\t\t\t\t<\/div>\n\t\t\t\t<div class=\"elementor-element elementor-element-9a5c35e elementor-widget elementor-widget-text-editor\" data-id=\"9a5c35e\" data-element_type=\"widget\" data-e-type=\"widget\" data-widget_type=\"text-editor.default\">\n\t\t\t\t<div class=\"elementor-widget-container\">\n\t\t\t\t\t\t\t\t\t<p>You have doubts? <a href=\"https:\/\/elementorprobarato.com\/en\/contacta-con-elementor-pro-barato\/\"><strong>contacta con nosotros<\/strong><\/a>, estaremos encantados de ayudarte<\/p>\t\t\t\t\t\t\t\t<\/div>\n\t\t\t\t<\/div>\n\t\t\t\t<div class=\"elementor-element elementor-element-1552760 aunnotienes elementor-widget elementor-widget-heading\" data-id=\"1552760\" data-element_type=\"widget\" data-e-type=\"widget\" data-widget_type=\"heading.default\">\n\t\t\t\t<div class=\"elementor-widget-container\">\n\t\t\t\t\t<h2 class=\"elementor-heading-title elementor-size-default\">\u00bfA\u00fan no tienes elementor Pro?<\/h2>\t\t\t\t<\/div>\n\t\t\t\t<\/div>\n\t\t<div class=\"elementor-element elementor-element-bbfb346 e-flex e-con-boxed e-con e-child\" data-id=\"bbfb346\" data-element_type=\"container\" data-e-type=\"container\">\n\t\t\t\t\t<div class=\"e-con-inner\">\n\t\t\t\t<div class=\"elementor-element elementor-element-039c9d5 elementor-add-to-cart--align-justify elementor-widget elementor-widget-wc-add-to-cart\" data-id=\"039c9d5\" data-element_type=\"widget\" data-e-type=\"widget\" data-widget_type=\"wc-add-to-cart.default\">\n\t\t\t\t<div class=\"elementor-widget-container\">\n\t\t\t\t\t\t\t\t\t<div class=\"elementor-button-wrapper\">\n\t\t\t\t\t<a rel=\"nofollow\" href=\"\/en\/como-activar-tu-licencia-sin-darnos-datos-de-acceso\/?add-to-cart=389\" data-quantity=\"1\" data-product_id=\"389\" class=\"product_type_subscription add_to_cart_button ajax_add_to_cart elementor-button elementor-size-sm\" role=\"button\">\n\t\t\t\t\t\t<span class=\"elementor-button-content-wrapper\">\n\t\t\t\t\t\t<span class=\"elementor-button-icon\">\n\t\t\t\t<i aria-hidden=\"true\" class=\"fas fa-shopping-cart\"><\/i>\t\t\t<\/span>\n\t\t\t\t\t\t\t\t\t<span class=\"elementor-button-text\">I want Elementor Pro for a site<\/span>\n\t\t\t\t\t<\/span>\n\t\t\t\t\t<\/a>\n\t\t\t\t<\/div>\n\t\t\t\t\t\t\t\t<\/div>\n\t\t\t\t<\/div>\n\t\t\t\t<div class=\"elementor-element elementor-element-dd521ec elementor-add-to-cart--align-justify elementor-widget elementor-widget-wc-add-to-cart\" data-id=\"dd521ec\" data-element_type=\"widget\" data-e-type=\"widget\" data-widget_type=\"wc-add-to-cart.default\">\n\t\t\t\t<div class=\"elementor-widget-container\">\n\t\t\t\t\t\t\t\t\t<div class=\"elementor-button-wrapper\">\n\t\t\t\t\t<a rel=\"nofollow\" href=\"\/en\/como-activar-tu-licencia-sin-darnos-datos-de-acceso\/?add-to-cart=715\" data-quantity=\"1\" data-product_id=\"715\" class=\"product_type_subscription add_to_cart_button ajax_add_to_cart elementor-button elementor-size-sm\" role=\"button\">\n\t\t\t\t\t\t<span class=\"elementor-button-content-wrapper\">\n\t\t\t\t\t\t<span class=\"elementor-button-icon\">\n\t\t\t\t<i aria-hidden=\"true\" class=\"fas fa-shopping-cart\"><\/i>\t\t\t<\/span>\n\t\t\t\t\t\t\t\t\t<span class=\"elementor-button-text\">I want Elementor Pro for 3 sites<\/span>\n\t\t\t\t\t<\/span>\n\t\t\t\t\t<\/a>\n\t\t\t\t<\/div>\n\t\t\t\t\t\t\t\t<\/div>\n\t\t\t\t<\/div>\n\t\t\t\t<div class=\"elementor-element elementor-element-92cebc9 elementor-add-to-cart--align-justify elementor-widget elementor-widget-wc-add-to-cart\" data-id=\"92cebc9\" data-element_type=\"widget\" data-e-type=\"widget\" data-widget_type=\"wc-add-to-cart.default\">\n\t\t\t\t<div class=\"elementor-widget-container\">\n\t\t\t\t\t\t\t\t\t<div class=\"elementor-button-wrapper\">\n\t\t\t\t\t<a rel=\"nofollow\" href=\"\/en\/como-activar-tu-licencia-sin-darnos-datos-de-acceso\/?add-to-cart=720\" data-quantity=\"1\" data-product_id=\"720\" class=\"product_type_subscription add_to_cart_button ajax_add_to_cart elementor-button elementor-size-sm\" role=\"button\">\n\t\t\t\t\t\t<span class=\"elementor-button-content-wrapper\">\n\t\t\t\t\t\t<span class=\"elementor-button-icon\">\n\t\t\t\t<i aria-hidden=\"true\" class=\"fas fa-shopping-cart\"><\/i>\t\t\t<\/span>\n\t\t\t\t\t\t\t\t\t<span class=\"elementor-button-text\">I want Elementor Pro for 5 sites<\/span>\n\t\t\t\t\t<\/span>\n\t\t\t\t\t<\/a>\n\t\t\t\t<\/div>\n\t\t\t\t\t\t\t\t<\/div>\n\t\t\t\t<\/div>\n\t\t\t\t\t<\/div>\n\t\t\t\t<\/div>\n\t\t\t\t\t<\/div>\n\t\t\t\t<\/div>\n\t\t\t\t<div class=\"elementor-element elementor-element-807bc79 elementor-widget elementor-widget-text-editor\" data-id=\"807bc79\" data-element_type=\"widget\" data-e-type=\"widget\" data-widget_type=\"text-editor.default\">\n\t\t\t\t<div class=\"elementor-widget-container\">\n\t\t\t\t\t\t\t\t\t<p style=\"text-align: center;\"><a href=\"https:\/\/elementorprobarato.com\/en\/contacta-con-elementor-pro-barato\/\">Do you need more licenses? Contact us<\/a><\/p>\t\t\t\t\t\t\t\t<\/div>\n\t\t\t\t<\/div>\n\t\t\t\t\t<\/div>\n\t\t\t\t<\/div>\n\t\t\t\t\t<\/div>\n\t\t\t\t<\/div>\n\t\t\t\t<\/div>","protected":false},"excerpt":{"rendered":"<p>Es posible que por alg\u00fan motivo no quieras darnos datos de acceso a tu web, o simplemente quieras estar presente en el momento de la activaci\u00f3n. Para esta situaci\u00f3n ofrecemos a nuestros clientes la posibilidad de activar la licencia a trav\u00e9s de escritorio remoto. \u00bfC\u00f3mo funciona? Abre en tu ordenador el programa Anydesk Si a\u00fan [&hellip;]<\/p>\n","protected":false},"author":1,"featured_media":10031,"parent":0,"menu_order":0,"comment_status":"closed","ping_status":"closed","template":"","meta":{"_acf_changed":false,"footnotes":""},"class_list":["post-10339","page","type-page","status-publish","has-post-thumbnail","hentry"],"acf":[],"yoast_head":"<!-- This site is optimized with the Yoast SEO plugin v27.4 - https:\/\/yoast.com\/product\/yoast-seo-wordpress\/ -->\n<title>C\u00f3mo activar tu licencia sin darnos datos de acceso - elementor Pro Barato<\/title>\n<meta name=\"robots\" content=\"noindex, nofollow\" \/>\n<meta property=\"og:locale\" content=\"en_US\" \/>\n<meta property=\"og:type\" content=\"article\" \/>\n<meta property=\"og:title\" content=\"C\u00f3mo activar tu licencia sin darnos datos de acceso - elementor Pro Barato\" \/>\n<meta property=\"og:description\" content=\"Es posible que por alg\u00fan motivo no quieras darnos datos de acceso a tu web, o simplemente quieras estar presente en el momento de la activaci\u00f3n. Para esta situaci\u00f3n ofrecemos a nuestros clientes la posibilidad de activar la licencia a trav\u00e9s de escritorio remoto. \u00bfC\u00f3mo funciona? Abre en tu ordenador el programa Anydesk Si a\u00fan [&hellip;]\" \/>\n<meta property=\"og:url\" content=\"https:\/\/elementorprobarato.com\/en\/como-activar-tu-licencia-sin-darnos-datos-de-acceso\/\" \/>\n<meta property=\"og:site_name\" content=\"elementor Pro Barato\" \/>\n<meta property=\"article:modified_time\" content=\"2025-04-20T06:53:25+00:00\" \/>\n<meta property=\"og:image\" content=\"https:\/\/elementorprobarato.com\/wp-content\/uploads\/2025\/04\/cuentas-de-correo-electronico.png\" \/>\n\t<meta property=\"og:image:width\" content=\"600\" \/>\n\t<meta property=\"og:image:height\" content=\"338\" \/>\n\t<meta property=\"og:image:type\" content=\"image\/png\" \/>\n<meta name=\"twitter:card\" content=\"summary_large_image\" \/>\n<meta name=\"twitter:label1\" content=\"Est. reading time\" \/>\n\t<meta name=\"twitter:data1\" content=\"2 minutes\" \/>\n<script type=\"application\/ld+json\" class=\"yoast-schema-graph\">{\"@context\":\"https:\\\/\\\/schema.org\",\"@graph\":[{\"@type\":\"AdvertiserContentArticle\",\"@id\":\"https:\\\/\\\/elementorprobarato.com\\\/como-activar-tu-licencia-sin-darnos-datos-de-acceso\\\/#article\",\"isPartOf\":{\"@id\":\"https:\\\/\\\/elementorprobarato.com\\\/como-activar-tu-licencia-sin-darnos-datos-de-acceso\\\/\"},\"author\":{\"name\":\"estebanip\",\"@id\":\"https:\\\/\\\/elementorprobarato.com\\\/#\\\/schema\\\/person\\\/2260d3b96091792b81b752fecfc09b84\"},\"headline\":\"C\u00f3mo activar tu licencia sin darnos datos de acceso\",\"datePublished\":\"2025-04-20T06:27:34+00:00\",\"dateModified\":\"2025-04-20T06:53:25+00:00\",\"mainEntityOfPage\":{\"@id\":\"https:\\\/\\\/elementorprobarato.com\\\/como-activar-tu-licencia-sin-darnos-datos-de-acceso\\\/\"},\"wordCount\":411,\"publisher\":{\"@id\":\"https:\\\/\\\/elementorprobarato.com\\\/#organization\"},\"image\":{\"@id\":\"https:\\\/\\\/elementorprobarato.com\\\/como-activar-tu-licencia-sin-darnos-datos-de-acceso\\\/#primaryimage\"},\"thumbnailUrl\":\"https:\\\/\\\/elementorprobarato.com\\\/wp-content\\\/uploads\\\/2025\\\/04\\\/cuentas-de-correo-electronico.png\",\"inLanguage\":\"en-US\"},{\"@type\":\"WebPage\",\"@id\":\"https:\\\/\\\/elementorprobarato.com\\\/como-activar-tu-licencia-sin-darnos-datos-de-acceso\\\/\",\"url\":\"https:\\\/\\\/elementorprobarato.com\\\/como-activar-tu-licencia-sin-darnos-datos-de-acceso\\\/\",\"name\":\"C\u00f3mo activar tu licencia sin darnos datos de acceso - elementor Pro Barato\",\"isPartOf\":{\"@id\":\"https:\\\/\\\/elementorprobarato.com\\\/#website\"},\"primaryImageOfPage\":{\"@id\":\"https:\\\/\\\/elementorprobarato.com\\\/como-activar-tu-licencia-sin-darnos-datos-de-acceso\\\/#primaryimage\"},\"image\":{\"@id\":\"https:\\\/\\\/elementorprobarato.com\\\/como-activar-tu-licencia-sin-darnos-datos-de-acceso\\\/#primaryimage\"},\"thumbnailUrl\":\"https:\\\/\\\/elementorprobarato.com\\\/wp-content\\\/uploads\\\/2025\\\/04\\\/cuentas-de-correo-electronico.png\",\"datePublished\":\"2025-04-20T06:27:34+00:00\",\"dateModified\":\"2025-04-20T06:53:25+00:00\",\"breadcrumb\":{\"@id\":\"https:\\\/\\\/elementorprobarato.com\\\/como-activar-tu-licencia-sin-darnos-datos-de-acceso\\\/#breadcrumb\"},\"inLanguage\":\"en-US\",\"potentialAction\":[{\"@type\":\"ReadAction\",\"target\":[\"https:\\\/\\\/elementorprobarato.com\\\/como-activar-tu-licencia-sin-darnos-datos-de-acceso\\\/\"]}]},{\"@type\":\"ImageObject\",\"inLanguage\":\"en-US\",\"@id\":\"https:\\\/\\\/elementorprobarato.com\\\/como-activar-tu-licencia-sin-darnos-datos-de-acceso\\\/#primaryimage\",\"url\":\"https:\\\/\\\/elementorprobarato.com\\\/wp-content\\\/uploads\\\/2025\\\/04\\\/cuentas-de-correo-electronico.png\",\"contentUrl\":\"https:\\\/\\\/elementorprobarato.com\\\/wp-content\\\/uploads\\\/2025\\\/04\\\/cuentas-de-correo-electronico.png\",\"width\":600,\"height\":338},{\"@type\":\"BreadcrumbList\",\"@id\":\"https:\\\/\\\/elementorprobarato.com\\\/como-activar-tu-licencia-sin-darnos-datos-de-acceso\\\/#breadcrumb\",\"itemListElement\":[{\"@type\":\"ListItem\",\"position\":1,\"name\":\"Portada\",\"item\":\"https:\\\/\\\/elementorprobarato.com\\\/\"},{\"@type\":\"ListItem\",\"position\":2,\"name\":\"C\u00f3mo activar tu licencia sin darnos datos de acceso\"}]},{\"@type\":\"WebSite\",\"@id\":\"https:\\\/\\\/elementorprobarato.com\\\/#website\",\"url\":\"https:\\\/\\\/elementorprobarato.com\\\/\",\"name\":\"elementorprobarato.com\",\"description\":\"100% Original y con clave del fabricante\",\"publisher\":{\"@id\":\"https:\\\/\\\/elementorprobarato.com\\\/#organization\"},\"alternateName\":\"Accede a todas las funciones de elementor Pro con licencia oficial pero mucho mas barato\",\"potentialAction\":[{\"@type\":\"SearchAction\",\"target\":{\"@type\":\"EntryPoint\",\"urlTemplate\":\"https:\\\/\\\/elementorprobarato.com\\\/?s={search_term_string}\"},\"query-input\":{\"@type\":\"PropertyValueSpecification\",\"valueRequired\":true,\"valueName\":\"search_term_string\"}}],\"inLanguage\":\"en-US\"},{\"@type\":\"Organization\",\"@id\":\"https:\\\/\\\/elementorprobarato.com\\\/#organization\",\"name\":\"elementorprobarato.com\",\"alternateName\":\"Accede a todas las funciones de elementor Pro con licencia oficial pero mucho mas barato\",\"url\":\"https:\\\/\\\/elementorprobarato.com\\\/\",\"logo\":{\"@type\":\"ImageObject\",\"inLanguage\":\"en-US\",\"@id\":\"https:\\\/\\\/elementorprobarato.com\\\/#\\\/schema\\\/logo\\\/image\\\/\",\"url\":\"https:\\\/\\\/elementorprobarato.com\\\/wp-content\\\/uploads\\\/2023\\\/10\\\/cropped-Elementor-Logo-nuevo-rosa.png\",\"contentUrl\":\"https:\\\/\\\/elementorprobarato.com\\\/wp-content\\\/uploads\\\/2023\\\/10\\\/cropped-Elementor-Logo-nuevo-rosa.png\",\"width\":512,\"height\":512,\"caption\":\"elementorprobarato.com\"},\"image\":{\"@id\":\"https:\\\/\\\/elementorprobarato.com\\\/#\\\/schema\\\/logo\\\/image\\\/\"},\"sameAs\":[\"https:\\\/\\\/tiktok.com\\\/@lapeorempresadelmundo\"]},{\"@type\":\"Person\",\"@id\":\"https:\\\/\\\/elementorprobarato.com\\\/#\\\/schema\\\/person\\\/2260d3b96091792b81b752fecfc09b84\",\"name\":\"estebanip\",\"image\":{\"@type\":\"ImageObject\",\"inLanguage\":\"en-US\",\"@id\":\"https:\\\/\\\/secure.gravatar.com\\\/avatar\\\/9df27800b983d072192e4ca5478612f2b535c0fd51c3cae5d6628b127eb3c34d?s=96&d=mm&r=g\",\"url\":\"https:\\\/\\\/secure.gravatar.com\\\/avatar\\\/9df27800b983d072192e4ca5478612f2b535c0fd51c3cae5d6628b127eb3c34d?s=96&d=mm&r=g\",\"contentUrl\":\"https:\\\/\\\/secure.gravatar.com\\\/avatar\\\/9df27800b983d072192e4ca5478612f2b535c0fd51c3cae5d6628b127eb3c34d?s=96&d=mm&r=g\",\"caption\":\"estebanip\"},\"sameAs\":[\"https:\\\/\\\/elementorprobarato.com\"]}]}<\/script>\n<!-- \/ Yoast SEO plugin. -->","yoast_head_json":{"title":"C\u00f3mo activar tu licencia sin darnos datos de acceso - elementor Pro Barato","robots":{"index":"noindex","follow":"nofollow"},"og_locale":"en_US","og_type":"article","og_title":"C\u00f3mo activar tu licencia sin darnos datos de acceso - elementor Pro Barato","og_description":"Es posible que por alg\u00fan motivo no quieras darnos datos de acceso a tu web, o simplemente quieras estar presente en el momento de la activaci\u00f3n. Para esta situaci\u00f3n ofrecemos a nuestros clientes la posibilidad de activar la licencia a trav\u00e9s de escritorio remoto. \u00bfC\u00f3mo funciona? Abre en tu ordenador el programa Anydesk Si a\u00fan [&hellip;]","og_url":"https:\/\/elementorprobarato.com\/en\/como-activar-tu-licencia-sin-darnos-datos-de-acceso\/","og_site_name":"elementor Pro Barato","article_modified_time":"2025-04-20T06:53:25+00:00","og_image":[{"width":600,"height":338,"url":"https:\/\/elementorprobarato.com\/wp-content\/uploads\/2025\/04\/cuentas-de-correo-electronico.png","type":"image\/png"}],"twitter_card":"summary_large_image","twitter_misc":{"Est. reading time":"2 minutes"},"schema":{"@context":"https:\/\/schema.org","@graph":[{"@type":"AdvertiserContentArticle","@id":"https:\/\/elementorprobarato.com\/como-activar-tu-licencia-sin-darnos-datos-de-acceso\/#article","isPartOf":{"@id":"https:\/\/elementorprobarato.com\/como-activar-tu-licencia-sin-darnos-datos-de-acceso\/"},"author":{"name":"estebanip","@id":"https:\/\/elementorprobarato.com\/#\/schema\/person\/2260d3b96091792b81b752fecfc09b84"},"headline":"C\u00f3mo activar tu licencia sin darnos datos de acceso","datePublished":"2025-04-20T06:27:34+00:00","dateModified":"2025-04-20T06:53:25+00:00","mainEntityOfPage":{"@id":"https:\/\/elementorprobarato.com\/como-activar-tu-licencia-sin-darnos-datos-de-acceso\/"},"wordCount":411,"publisher":{"@id":"https:\/\/elementorprobarato.com\/#organization"},"image":{"@id":"https:\/\/elementorprobarato.com\/como-activar-tu-licencia-sin-darnos-datos-de-acceso\/#primaryimage"},"thumbnailUrl":"https:\/\/elementorprobarato.com\/wp-content\/uploads\/2025\/04\/cuentas-de-correo-electronico.png","inLanguage":"en-US"},{"@type":"WebPage","@id":"https:\/\/elementorprobarato.com\/como-activar-tu-licencia-sin-darnos-datos-de-acceso\/","url":"https:\/\/elementorprobarato.com\/como-activar-tu-licencia-sin-darnos-datos-de-acceso\/","name":"C\u00f3mo activar tu licencia sin darnos datos de acceso - elementor Pro Barato","isPartOf":{"@id":"https:\/\/elementorprobarato.com\/#website"},"primaryImageOfPage":{"@id":"https:\/\/elementorprobarato.com\/como-activar-tu-licencia-sin-darnos-datos-de-acceso\/#primaryimage"},"image":{"@id":"https:\/\/elementorprobarato.com\/como-activar-tu-licencia-sin-darnos-datos-de-acceso\/#primaryimage"},"thumbnailUrl":"https:\/\/elementorprobarato.com\/wp-content\/uploads\/2025\/04\/cuentas-de-correo-electronico.png","datePublished":"2025-04-20T06:27:34+00:00","dateModified":"2025-04-20T06:53:25+00:00","breadcrumb":{"@id":"https:\/\/elementorprobarato.com\/como-activar-tu-licencia-sin-darnos-datos-de-acceso\/#breadcrumb"},"inLanguage":"en-US","potentialAction":[{"@type":"ReadAction","target":["https:\/\/elementorprobarato.com\/como-activar-tu-licencia-sin-darnos-datos-de-acceso\/"]}]},{"@type":"ImageObject","inLanguage":"en-US","@id":"https:\/\/elementorprobarato.com\/como-activar-tu-licencia-sin-darnos-datos-de-acceso\/#primaryimage","url":"https:\/\/elementorprobarato.com\/wp-content\/uploads\/2025\/04\/cuentas-de-correo-electronico.png","contentUrl":"https:\/\/elementorprobarato.com\/wp-content\/uploads\/2025\/04\/cuentas-de-correo-electronico.png","width":600,"height":338},{"@type":"BreadcrumbList","@id":"https:\/\/elementorprobarato.com\/como-activar-tu-licencia-sin-darnos-datos-de-acceso\/#breadcrumb","itemListElement":[{"@type":"ListItem","position":1,"name":"Portada","item":"https:\/\/elementorprobarato.com\/"},{"@type":"ListItem","position":2,"name":"C\u00f3mo activar tu licencia sin darnos datos de acceso"}]},{"@type":"WebSite","@id":"https:\/\/elementorprobarato.com\/#website","url":"https:\/\/elementorprobarato.com\/","name":"elementorprobarato.com","description":"100% Original y con clave del fabricante","publisher":{"@id":"https:\/\/elementorprobarato.com\/#organization"},"alternateName":"Accede a todas las funciones de elementor Pro con licencia oficial pero mucho mas barato","potentialAction":[{"@type":"SearchAction","target":{"@type":"EntryPoint","urlTemplate":"https:\/\/elementorprobarato.com\/?s={search_term_string}"},"query-input":{"@type":"PropertyValueSpecification","valueRequired":true,"valueName":"search_term_string"}}],"inLanguage":"en-US"},{"@type":"Organization","@id":"https:\/\/elementorprobarato.com\/#organization","name":"elementorprobarato.com","alternateName":"Accede a todas las funciones de elementor Pro con licencia oficial pero mucho mas barato","url":"https:\/\/elementorprobarato.com\/","logo":{"@type":"ImageObject","inLanguage":"en-US","@id":"https:\/\/elementorprobarato.com\/#\/schema\/logo\/image\/","url":"https:\/\/elementorprobarato.com\/wp-content\/uploads\/2023\/10\/cropped-Elementor-Logo-nuevo-rosa.png","contentUrl":"https:\/\/elementorprobarato.com\/wp-content\/uploads\/2023\/10\/cropped-Elementor-Logo-nuevo-rosa.png","width":512,"height":512,"caption":"elementorprobarato.com"},"image":{"@id":"https:\/\/elementorprobarato.com\/#\/schema\/logo\/image\/"},"sameAs":["https:\/\/tiktok.com\/@lapeorempresadelmundo"]},{"@type":"Person","@id":"https:\/\/elementorprobarato.com\/#\/schema\/person\/2260d3b96091792b81b752fecfc09b84","name":"estebanip","image":{"@type":"ImageObject","inLanguage":"en-US","@id":"https:\/\/secure.gravatar.com\/avatar\/9df27800b983d072192e4ca5478612f2b535c0fd51c3cae5d6628b127eb3c34d?s=96&d=mm&r=g","url":"https:\/\/secure.gravatar.com\/avatar\/9df27800b983d072192e4ca5478612f2b535c0fd51c3cae5d6628b127eb3c34d?s=96&d=mm&r=g","contentUrl":"https:\/\/secure.gravatar.com\/avatar\/9df27800b983d072192e4ca5478612f2b535c0fd51c3cae5d6628b127eb3c34d?s=96&d=mm&r=g","caption":"estebanip"},"sameAs":["https:\/\/elementorprobarato.com"]}]}},"_links":{"self":[{"href":"https:\/\/elementorprobarato.com\/en\/wp-json\/wp\/v2\/pages\/10339","targetHints":{"allow":["GET"]}}],"collection":[{"href":"https:\/\/elementorprobarato.com\/en\/wp-json\/wp\/v2\/pages"}],"about":[{"href":"https:\/\/elementorprobarato.com\/en\/wp-json\/wp\/v2\/types\/page"}],"author":[{"embeddable":true,"href":"https:\/\/elementorprobarato.com\/en\/wp-json\/wp\/v2\/users\/1"}],"replies":[{"embeddable":true,"href":"https:\/\/elementorprobarato.com\/en\/wp-json\/wp\/v2\/comments?post=10339"}],"version-history":[{"count":0,"href":"https:\/\/elementorprobarato.com\/en\/wp-json\/wp\/v2\/pages\/10339\/revisions"}],"wp:featuredmedia":[{"embeddable":true,"href":"https:\/\/elementorprobarato.com\/en\/wp-json\/wp\/v2\/media\/10031"}],"wp:attachment":[{"href":"https:\/\/elementorprobarato.com\/en\/wp-json\/wp\/v2\/media?parent=10339"}],"curies":[{"name":"wp","href":"https:\/\/api.w.org\/{rel}","templated":true}]}}